{"id":14457,"date":"2022-01-04T13:19:42","date_gmt":"2022-01-04T12:19:42","guid":{"rendered":"https:\/\/www.tantravalencia.com\/?post_type=product&amp;p=14457"},"modified":"2022-01-04T13:19:42","modified_gmt":"2022-01-04T12:19:42","slug":"tantra-para-parejas","status":"publish","type":"product","link":"https:\/\/www.tantravalencia.com\/new\/producto\/tantra-para-parejas\/","title":{"rendered":"Tantra para parejas"},"content":{"rendered":"<p>Las\u00a0<strong>sesiones de tantra para parejas<\/strong>\u00a0son para compartir con tu pareja un espacio de escucha interna, y relacionarnos desde la humildad y el amor, totalmente guiadas para reencontrarnos y mejorar en varios aspectos, comunicaci\u00f3n, sexualidad, escucha\u2026.<\/p>\n<p>Adem\u00e1s podr\u00e1s descubrir como la pareja es la v\u00eda mas directa para\u00a0<strong>evolucionar y sanar todos los conflictos que estan en nuestra mente<\/strong>, si sabemos utilizar la situaci\u00f3n con responsabilidad y ver lo que nos muestra la situaci\u00f3n, que suele ser\u00a0<strong>una proyecci\u00f3n de lo que el inconsciente tiene que sanar.\u00a0<\/strong><\/p>\n<p><strong>\u00bfQu\u00e9 es tantra? \u00a0<\/strong>Tantra es un camino de liberaci\u00f3n, expansi\u00f3n de la conciencia, difiere de otras porque tambi\u00e9n contempla la sexualidad, un camino que se dirige a soltar todos los condicionamientos que nos impiden sentir la plenitud, justamente a trav\u00e9s de las relaciones es la v\u00eda mas r\u00e1pida para experimentar esta experiencia de libertad.<\/p>\n<p>Los conflictos en la pareja es una suma de la carga emocional que trae cada uno por separado, y aprender a ser conscientes de esto para poder sanarlo es fundamental para tener una\u00a0<strong>relaci\u00f3n pr\u00f3spera en comunicaci\u00f3n, respeto, amor<\/strong>,\u00a0<strong>intimidad<\/strong>\u2026<\/p>\n<p>Aprender a mirar todo esto desde un camino com\u00fan hacia un mismo objetivo, aumentar la calidad de la relaci\u00f3n mediante<strong>\u00a0la sintonizaci\u00f3n con nuestra esencia<\/strong>, y el aprendizaje de una manera respetuosa, amistosa, cari\u00f1osa, tantrica, descubri\u00e9ndose cada dia el potencial de cada uno.<\/p>\n<p>Cuando aprendes a relacionarte desde un estado interior de plenitud y armon\u00eda fisica, mental emocional y espiritual todo lo que florece de ah\u00ed es un puro reflejo de tu estado interior, al potenciar todos tus sentimientos servir\u00e1 de motor para<strong>\u00a0celebrar la vida en cada momento,<\/strong>\u00a0y\u00a0<strong>disfrutar con m\u00e1xima plenitud en cada encuentro.<\/strong><\/p>\n<p><em>\u201cCuando vuestro amor es al mismo tiempo amor y meditaci\u00f3n,, os convert\u00eds en compa\u00f1eros de viaje. Entonces deja de ser una relaci\u00f3n corriente entre marido y mujer. Se convierte en una amistad en el camino hacia el alma, hacia los misterios de la vida\u201d.\u00a0Osho<\/em><\/p>\n","protected":false},"excerpt":{"rendered":"<h4 class=\"entry-title\">Reserva de 4 horas sesiones en pareja divididas en dos sesiones de 2horas cada sesi\u00f3n<\/h4>\n","protected":false},"featured_media":13191,"comment_status":"open","ping_status":"closed","template":"","meta":{"_et_pb_use_builder":"","_et_pb_old_content":"","_et_gb_content_width":""},"product_cat":[19],"product_tag":[],"class_list":{"0":"post-14457","1":"product","2":"type-product","3":"status-publish","4":"has-post-thumbnail","6":"product_cat-retiros-vivenciales","8":"first","9":"instock","10":"shipping-taxable","11":"purchasable","12":"product-type-simple"},"_links":{"self":[{"href":"https:\/\/www.tantravalencia.com\/new\/wp-json\/wp\/v2\/product\/14457","targetHints":{"allow":["GET"]}}],"collection":[{"href":"https:\/\/www.tantravalencia.com\/new\/wp-json\/wp\/v2\/product"}],"about":[{"href":"https:\/\/www.tantravalencia.com\/new\/wp-json\/wp\/v2\/types\/product"}],"replies":[{"embeddable":true,"href":"https:\/\/www.tantravalencia.com\/new\/wp-json\/wp\/v2\/comments?post=14457"}],"wp:featuredmedia":[{"embeddable":true,"href":"https:\/\/www.tantravalencia.com\/new\/wp-json\/wp\/v2\/media\/13191"}],"wp:attachment":[{"href":"https:\/\/www.tantravalencia.com\/new\/wp-json\/wp\/v2\/media?parent=14457"}],"wp:term":[{"taxonomy":"product_cat","embeddable":true,"href":"https:\/\/www.tantravalencia.com\/new\/wp-json\/wp\/v2\/product_cat?post=14457"},{"taxonomy":"product_tag","embeddable":true,"href":"https:\/\/www.tantravalencia.com\/new\/wp-json\/wp\/v2\/product_tag?post=14457"}],"curies":[{"name":"wp","href":"https:\/\/api.w.org\/{rel}","templated":true}]}}